{"id":27489,"date":"2022-09-14T15:37:48","date_gmt":"2022-09-14T13:37:48","guid":{"rendered":"https:\/\/diabolicmightrecords.com\/shop\/unkategorisiert\/sacrilegio-podredumbre-1986-1988\/"},"modified":"2022-09-14T15:37:48","modified_gmt":"2022-09-14T13:37:48","slug":"sacrilegio-podredumbre-1986-1988","status":"publish","type":"product","link":"https:\/\/diabolicmightrecords.com\/de\/product\/sacrilegio-podredumbre-1986-1988\/","title":{"rendered":"Sacrilegio  \u200e\u2013 Podredumbre 1986-1988"},"content":{"rendered":"<p>Thrash Death Metal<\/p>\n<p>Black vinyl version limited to 200 copies.<br \/>\nIncludes a 12-page booklet with never seen before photos, flyers and biography.<\/p>\n<p>Side A:<br \/>\nA1-A4 Convocatoria &#8222;Rodrigo D. No Futuro&#8220; y grabaci\u00f3n tape 1986-1987<br \/>\nA5 Grabaci\u00f3n final para la banda sonora de &#8222;Rodrigo D. No Futuro&#8220; (1988)<\/p>\n<p>Side B:<br \/>\nB1-B5 Concierto &#8211; Acci\u00f3n comunal del barrio Alfonso L\u00f3pez Castilla S\u00e1bado 19 Septiembre 1987<\/p>\n","protected":false},"excerpt":{"rendered":"<p>Thrash Death Metal Black vinyl version limited to 200 copies. Includes a 12-page booklet with never seen before photos, flyers and biography. Side A: A1-A4 Convocatoria &#8222;Rodrigo D. No Futuro&#8220; y grabaci\u00f3n tape 1986-1987 A5 Grabaci\u00f3n final para la banda sonora de &#8222;Rodrigo D. No Futuro&#8220; (1988) Side B: B1-B5 Concierto &#8211; Acci\u00f3n comunal del [&hellip;]<\/p>\n","protected":false},"featured_media":27488,"template":"","meta":[],"product_brand":[],"product_cat":[26],"product_tag":[],"class_list":{"0":"post-27489","1":"product","2":"type-product","3":"status-publish","4":"has-post-thumbnail","6":"product_cat-other-vinyl","8":"first","9":"instock","10":"taxable","11":"shipping-taxable","12":"purchasable","13":"product-type-simple"},"yoast_head":"<!-- This site is optimized with the Yoast SEO plugin v27.2 - https:\/\/yoast.com\/product\/yoast-seo-wordpress\/ -->\n<title>Sacrilegio \u200e\u2013 Podredumbre 1986-1988 | Diabolic Might Records<\/title>\n<meta name=\"robots\" content=\"index, follow, max-snippet:-1, max-image-preview:large, max-video-preview:-1\" \/>\n<link rel=\"canonical\" href=\"https:\/\/diabolicmightrecords.com\/de\/shop\/unkategorisiert\/sacrilegio-podredumbre-1986-1988\/\" \/>\n<meta property=\"og:locale\" content=\"de_DE\" \/>\n<meta property=\"og:type\" content=\"article\" \/>\n<meta property=\"og:title\" content=\"Sacrilegio \u200e\u2013 Podredumbre 1986-1988 | Diabolic Might Records\" \/>\n<meta property=\"og:description\" content=\"Thrash Death Metal Black vinyl version limited to 200 copies. Includes a 12-page booklet with never seen before photos, flyers and biography. Side A: A1-A4 Convocatoria &#8222;Rodrigo D. No Futuro&#8220; y grabaci\u00f3n tape 1986-1987 A5 Grabaci\u00f3n final para la banda sonora de &#8222;Rodrigo D. No Futuro&#8220; (1988) Side B: B1-B5 Concierto &#8211; Acci\u00f3n comunal del [&hellip;]\" \/>\n<meta property=\"og:url\" content=\"https:\/\/diabolicmightrecords.com\/de\/shop\/unkategorisiert\/sacrilegio-podredumbre-1986-1988\/\" \/>\n<meta property=\"og:site_name\" content=\"Diabolic Might Records\" \/>\n<meta property=\"article:publisher\" content=\"https:\/\/www.facebook.com\/Diabolic-Might-Records-666-181543565542566\/\" \/>\n<meta name=\"twitter:card\" content=\"summary_large_image\" \/>\n<script type=\"application\/ld+json\" class=\"yoast-schema-graph\">{\"@context\":\"https:\/\/schema.org\",\"@graph\":[{\"@type\":\"WebPage\",\"@id\":\"https:\/\/diabolicmightrecords.com\/de\/shop\/unkategorisiert\/sacrilegio-podredumbre-1986-1988\/\",\"url\":\"https:\/\/diabolicmightrecords.com\/de\/shop\/unkategorisiert\/sacrilegio-podredumbre-1986-1988\/\",\"name\":\"Sacrilegio \u200e\u2013 Podredumbre 1986-1988 | Diabolic Might Records\",\"isPartOf\":{\"@id\":\"https:\/\/diabolicmightrecords.com\/#website\"},\"primaryImageOfPage\":{\"@id\":\"https:\/\/diabolicmightrecords.com\/de\/shop\/unkategorisiert\/sacrilegio-podredumbre-1986-1988\/#primaryimage\"},\"image\":{\"@id\":\"https:\/\/diabolicmightrecords.com\/de\/shop\/unkategorisiert\/sacrilegio-podredumbre-1986-1988\/#primaryimage\"},\"thumbnailUrl\":\"https:\/\/diabolicmightrecords.com\/wp-content\/uploads\/Sacrilegio-\u200e\u2013-Podredumbre-1986-1988-vinyl.jpg\",\"datePublished\":\"2022-09-14T13:37:48+00:00\",\"breadcrumb\":{\"@id\":\"https:\/\/diabolicmightrecords.com\/de\/shop\/unkategorisiert\/sacrilegio-podredumbre-1986-1988\/#breadcrumb\"},\"inLanguage\":\"de\",\"potentialAction\":[{\"@type\":\"ReadAction\",\"target\":[\"https:\/\/diabolicmightrecords.com\/de\/shop\/unkategorisiert\/sacrilegio-podredumbre-1986-1988\/\"]}]},{\"@type\":\"ImageObject\",\"inLanguage\":\"de\",\"@id\":\"https:\/\/diabolicmightrecords.com\/de\/shop\/unkategorisiert\/sacrilegio-podredumbre-1986-1988\/#primaryimage\",\"url\":\"https:\/\/diabolicmightrecords.com\/wp-content\/uploads\/Sacrilegio-\u200e\u2013-Podredumbre-1986-1988-vinyl.jpg\",\"contentUrl\":\"https:\/\/diabolicmightrecords.com\/wp-content\/uploads\/Sacrilegio-\u200e\u2013-Podredumbre-1986-1988-vinyl.jpg\",\"width\":225,\"height\":225,\"caption\":\"Sacrilegio \u200ePodredumbre 1986 to 1988 vinyl\"},{\"@type\":\"BreadcrumbList\",\"@id\":\"https:\/\/diabolicmightrecords.com\/de\/shop\/unkategorisiert\/sacrilegio-podredumbre-1986-1988\/#breadcrumb\",\"itemListElement\":[{\"@type\":\"ListItem\",\"position\":1,\"name\":\"Home\",\"item\":\"https:\/\/diabolicmightrecords.com\/de\/\"},{\"@type\":\"ListItem\",\"position\":2,\"name\":\"Shop\",\"item\":\"https:\/\/diabolicmightrecords.com\/de\/shop\/\"},{\"@type\":\"ListItem\",\"position\":3,\"name\":\"Sacrilegio \u200e\u2013 Podredumbre 1986-1988\"}]},{\"@type\":\"WebSite\",\"@id\":\"https:\/\/diabolicmightrecords.com\/#website\",\"url\":\"https:\/\/diabolicmightrecords.com\/\",\"name\":\"Diabolic Might Records\",\"description\":\"Vinyl Only Label\",\"publisher\":{\"@id\":\"https:\/\/diabolicmightrecords.com\/#organization\"},\"potentialAction\":[{\"@type\":\"SearchAction\",\"target\":{\"@type\":\"EntryPoint\",\"urlTemplate\":\"https:\/\/diabolicmightrecords.com\/?s={search_term_string}\"},\"query-input\":{\"@type\":\"PropertyValueSpecification\",\"valueRequired\":true,\"valueName\":\"search_term_string\"}}],\"inLanguage\":\"de\"},{\"@type\":\"Organization\",\"@id\":\"https:\/\/diabolicmightrecords.com\/#organization\",\"name\":\"Diabolic Might Records\",\"url\":\"https:\/\/diabolicmightrecords.com\/\",\"logo\":{\"@type\":\"ImageObject\",\"inLanguage\":\"de\",\"@id\":\"https:\/\/diabolicmightrecords.com\/#\/schema\/logo\/image\/\",\"url\":\"http:\/\/diabolicmightrecords.com\/wp-content\/uploads\/diabolic-might-records-logo-footer.png\",\"contentUrl\":\"http:\/\/diabolicmightrecords.com\/wp-content\/uploads\/diabolic-might-records-logo-footer.png\",\"width\":100,\"height\":100,\"caption\":\"Diabolic Might Records\"},\"image\":{\"@id\":\"https:\/\/diabolicmightrecords.com\/#\/schema\/logo\/image\/\"},\"sameAs\":[\"https:\/\/www.facebook.com\/Diabolic-Might-Records-666-181543565542566\/\",\"https:\/\/www.instagram.com\/diabolic.might.records\/\"]}]}<\/script>\n<!-- \/ Yoast SEO plugin. -->","yoast_head_json":{"title":"Sacrilegio \u200e\u2013 Podredumbre 1986-1988 | Diabolic Might Records","robots":{"index":"index","follow":"follow","max-snippet":"max-snippet:-1","max-image-preview":"max-image-preview:large","max-video-preview":"max-video-preview:-1"},"canonical":"https:\/\/diabolicmightrecords.com\/de\/shop\/unkategorisiert\/sacrilegio-podredumbre-1986-1988\/","og_locale":"de_DE","og_type":"article","og_title":"Sacrilegio \u200e\u2013 Podredumbre 1986-1988 | Diabolic Might Records","og_description":"Thrash Death Metal Black vinyl version limited to 200 copies. Includes a 12-page booklet with never seen before photos, flyers and biography. Side A: A1-A4 Convocatoria &#8222;Rodrigo D. No Futuro&#8220; y grabaci\u00f3n tape 1986-1987 A5 Grabaci\u00f3n final para la banda sonora de &#8222;Rodrigo D. No Futuro&#8220; (1988) Side B: B1-B5 Concierto &#8211; Acci\u00f3n comunal del [&hellip;]","og_url":"https:\/\/diabolicmightrecords.com\/de\/shop\/unkategorisiert\/sacrilegio-podredumbre-1986-1988\/","og_site_name":"Diabolic Might Records","article_publisher":"https:\/\/www.facebook.com\/Diabolic-Might-Records-666-181543565542566\/","twitter_card":"summary_large_image","schema":{"@context":"https:\/\/schema.org","@graph":[{"@type":"WebPage","@id":"https:\/\/diabolicmightrecords.com\/de\/shop\/unkategorisiert\/sacrilegio-podredumbre-1986-1988\/","url":"https:\/\/diabolicmightrecords.com\/de\/shop\/unkategorisiert\/sacrilegio-podredumbre-1986-1988\/","name":"Sacrilegio \u200e\u2013 Podredumbre 1986-1988 | Diabolic Might Records","isPartOf":{"@id":"https:\/\/diabolicmightrecords.com\/#website"},"primaryImageOfPage":{"@id":"https:\/\/diabolicmightrecords.com\/de\/shop\/unkategorisiert\/sacrilegio-podredumbre-1986-1988\/#primaryimage"},"image":{"@id":"https:\/\/diabolicmightrecords.com\/de\/shop\/unkategorisiert\/sacrilegio-podredumbre-1986-1988\/#primaryimage"},"thumbnailUrl":"https:\/\/diabolicmightrecords.com\/wp-content\/uploads\/Sacrilegio-\u200e\u2013-Podredumbre-1986-1988-vinyl.jpg","datePublished":"2022-09-14T13:37:48+00:00","breadcrumb":{"@id":"https:\/\/diabolicmightrecords.com\/de\/shop\/unkategorisiert\/sacrilegio-podredumbre-1986-1988\/#breadcrumb"},"inLanguage":"de","potentialAction":[{"@type":"ReadAction","target":["https:\/\/diabolicmightrecords.com\/de\/shop\/unkategorisiert\/sacrilegio-podredumbre-1986-1988\/"]}]},{"@type":"ImageObject","inLanguage":"de","@id":"https:\/\/diabolicmightrecords.com\/de\/shop\/unkategorisiert\/sacrilegio-podredumbre-1986-1988\/#primaryimage","url":"https:\/\/diabolicmightrecords.com\/wp-content\/uploads\/Sacrilegio-\u200e\u2013-Podredumbre-1986-1988-vinyl.jpg","contentUrl":"https:\/\/diabolicmightrecords.com\/wp-content\/uploads\/Sacrilegio-\u200e\u2013-Podredumbre-1986-1988-vinyl.jpg","width":225,"height":225,"caption":"Sacrilegio \u200ePodredumbre 1986 to 1988 vinyl"},{"@type":"BreadcrumbList","@id":"https:\/\/diabolicmightrecords.com\/de\/shop\/unkategorisiert\/sacrilegio-podredumbre-1986-1988\/#breadcrumb","itemListElement":[{"@type":"ListItem","position":1,"name":"Home","item":"https:\/\/diabolicmightrecords.com\/de\/"},{"@type":"ListItem","position":2,"name":"Shop","item":"https:\/\/diabolicmightrecords.com\/de\/shop\/"},{"@type":"ListItem","position":3,"name":"Sacrilegio \u200e\u2013 Podredumbre 1986-1988"}]},{"@type":"WebSite","@id":"https:\/\/diabolicmightrecords.com\/#website","url":"https:\/\/diabolicmightrecords.com\/","name":"Diabolic Might Records","description":"Vinyl Only Label","publisher":{"@id":"https:\/\/diabolicmightrecords.com\/#organization"},"potentialAction":[{"@type":"SearchAction","target":{"@type":"EntryPoint","urlTemplate":"https:\/\/diabolicmightrecords.com\/?s={search_term_string}"},"query-input":{"@type":"PropertyValueSpecification","valueRequired":true,"valueName":"search_term_string"}}],"inLanguage":"de"},{"@type":"Organization","@id":"https:\/\/diabolicmightrecords.com\/#organization","name":"Diabolic Might Records","url":"https:\/\/diabolicmightrecords.com\/","logo":{"@type":"ImageObject","inLanguage":"de","@id":"https:\/\/diabolicmightrecords.com\/#\/schema\/logo\/image\/","url":"http:\/\/diabolicmightrecords.com\/wp-content\/uploads\/diabolic-might-records-logo-footer.png","contentUrl":"http:\/\/diabolicmightrecords.com\/wp-content\/uploads\/diabolic-might-records-logo-footer.png","width":100,"height":100,"caption":"Diabolic Might Records"},"image":{"@id":"https:\/\/diabolicmightrecords.com\/#\/schema\/logo\/image\/"},"sameAs":["https:\/\/www.facebook.com\/Diabolic-Might-Records-666-181543565542566\/","https:\/\/www.instagram.com\/diabolic.might.records\/"]}]}},"_links":{"self":[{"href":"https:\/\/diabolicmightrecords.com\/de\/wp-json\/wp\/v2\/product\/27489","targetHints":{"allow":["GET"]}}],"collection":[{"href":"https:\/\/diabolicmightrecords.com\/de\/wp-json\/wp\/v2\/product"}],"about":[{"href":"https:\/\/diabolicmightrecords.com\/de\/wp-json\/wp\/v2\/types\/product"}],"wp:featuredmedia":[{"embeddable":true,"href":"https:\/\/diabolicmightrecords.com\/de\/wp-json\/wp\/v2\/media\/27488"}],"wp:attachment":[{"href":"https:\/\/diabolicmightrecords.com\/de\/wp-json\/wp\/v2\/media?parent=27489"}],"wp:term":[{"taxonomy":"product_brand","embeddable":true,"href":"https:\/\/diabolicmightrecords.com\/de\/wp-json\/wp\/v2\/product_brand?post=27489"},{"taxonomy":"product_cat","embeddable":true,"href":"https:\/\/diabolicmightrecords.com\/de\/wp-json\/wp\/v2\/product_cat?post=27489"},{"taxonomy":"product_tag","embeddable":true,"href":"https:\/\/diabolicmightrecords.com\/de\/wp-json\/wp\/v2\/product_tag?post=27489"}],"curies":[{"name":"wp","href":"https:\/\/api.w.org\/{rel}","templated":true}]}}